{"id":2233,"date":"2026-03-27T21:45:42","date_gmt":"2026-03-27T21:45:42","guid":{"rendered":"https:\/\/www.rosarioduarte.pt\/media\/"},"modified":"2026-04-10T13:01:39","modified_gmt":"2026-04-10T13:01:39","slug":"media","status":"publish","type":"page","link":"https:\/\/www.rosarioduarte.pt\/en\/media\/","title":{"rendered":"Media"},"content":{"rendered":"\n<h2 class=\"wp-block-heading\">Imprensa<\/h2>\n\n\n\n<p><\/p>\n\n\n\n<p><\/p>\n\n\n\n<p><\/p>\n\n\n\n<p><\/p>\n\n\n\n<figure class=\"wp-block-image size-full\"><img loading=\"lazy\" decoding=\"async\" width=\"930\" height=\"812\" src=\"https:\/\/www.rosarioduarte.pt\/files\/uploads\/2026\/04\/Valor-Magazine-10-04-26.jpg\" alt=\"\" class=\"wp-image-2867\" srcset=\"https:\/\/www.rosarioduarte.pt\/files\/uploads\/2026\/04\/Valor-Magazine-10-04-26.jpg 930w, https:\/\/www.rosarioduarte.pt\/files\/uploads\/2026\/04\/Valor-Magazine-10-04-26-300x262.jpg 300w, https:\/\/www.rosarioduarte.pt\/files\/uploads\/2026\/04\/Valor-Magazine-10-04-26-768x671.jpg 768w\" sizes=\"auto, (max-width: 930px) 100vw, 930px\" \/><\/figure>\n\n\n\n<p><a href=\"https:\/\/www.valormagazine.pt\/heranca-indivisa-partilhas-sem-impasse\/\" target=\"_blank\" rel=\"noopener\">Heran\u00e7a Indevisa &#8211; Partilhas sem Impasse<\/a><\/p>\n\n\n\n<div class=\"wp-block-columns is-layout-flex wp-container-core-columns-is-layout-9d6595d7 wp-block-columns-is-layout-flex\">\n<div class=\"wp-block-column is-layout-flow wp-block-column-is-layout-flow\">\n<figure class=\"wp-block-image size-large is-resized\"><img loading=\"lazy\" decoding=\"async\" width=\"1024\" height=\"765\" src=\"https:\/\/www.rosarioduarte.pt\/files\/uploads\/2026\/03\/Captura-de-ecra-2026-03-24-181540-2-1024x765.jpg\" alt=\"\" class=\"wp-image-2089\" style=\"aspect-ratio:1.3386357915932545;width:336px;height:auto\" srcset=\"https:\/\/www.rosarioduarte.pt\/files\/uploads\/2026\/03\/Captura-de-ecra-2026-03-24-181540-2-1024x765.jpg 1024w, https:\/\/www.rosarioduarte.pt\/files\/uploads\/2026\/03\/Captura-de-ecra-2026-03-24-181540-2-300x224.jpg 300w, https:\/\/www.rosarioduarte.pt\/files\/uploads\/2026\/03\/Captura-de-ecra-2026-03-24-181540-2-768x574.jpg 768w, https:\/\/www.rosarioduarte.pt\/files\/uploads\/2026\/03\/Captura-de-ecra-2026-03-24-181540-2.jpg 1087w\" sizes=\"auto, (max-width: 1024px) 100vw, 1024px\" \/><\/figure>\n\n\n\n<p><a href=\"https:\/\/www.jn.pt\/opiniao\/artigo\/projeto-familiar-completo-e-os-embrioes-excedentarios\/17786027#iss=https%3A%2F%2Fsso.noticiasilimitadas.pt%2Frealms%2FNI_PRD&amp;iss=https%3A%2F%2Fsso.noticiasilimitadas.pt%2Frealms%2FNI_PRD&amp;iss=https%3A%2F%2Fsso.noticiasilimitadas.pt%2Frealms%2FNI_PRD\" target=\"_blank\" rel=\"noopener\">Projeto familiar completo. E os embri\u00f5es excedent\u00e1rios?<\/a><\/p>\n<\/div>\n\n\n\n<div class=\"wp-block-column is-layout-flow wp-block-column-is-layout-flow\">\n<figure class=\"wp-block-image size-large is-resized\"><img loading=\"lazy\" decoding=\"async\" width=\"1024\" height=\"618\" src=\"https:\/\/www.rosarioduarte.pt\/files\/uploads\/2026\/03\/Screenshot-2026-03-24-at-16.33.24-1024x618.png\" alt=\"\" class=\"wp-image-2080\" style=\"aspect-ratio:1.6570289132602194;width:399px;height:auto\" srcset=\"https:\/\/www.rosarioduarte.pt\/files\/uploads\/2026\/03\/Screenshot-2026-03-24-at-16.33.24-1024x618.png 1024w, https:\/\/www.rosarioduarte.pt\/files\/uploads\/2026\/03\/Screenshot-2026-03-24-at-16.33.24-300x181.png 300w, https:\/\/www.rosarioduarte.pt\/files\/uploads\/2026\/03\/Screenshot-2026-03-24-at-16.33.24-768x464.png 768w, https:\/\/www.rosarioduarte.pt\/files\/uploads\/2026\/03\/Screenshot-2026-03-24-at-16.33.24-1536x927.png 1536w, https:\/\/www.rosarioduarte.pt\/files\/uploads\/2026\/03\/Screenshot-2026-03-24-at-16.33.24.png 1554w\" sizes=\"auto, (max-width: 1024px) 100vw, 1024px\" \/><\/figure>\n\n\n\n<p><a href=\"https:\/\/www.valormagazine.pt\/saude-mental-na-advocacia-profissionais-vivem-em-constante-estado-de-alerta\/\" target=\"_blank\" rel=\"noopener\">Sa\u00fade Mental na Advocacia: Profissionais vivem em constante estado de alerta<\/a><\/p>\n<\/div>\n<\/div>\n\n\n\n<div class=\"wp-block-columns is-layout-flex wp-container-core-columns-is-layout-9d6595d7 wp-block-columns-is-layout-flex\">\n<div class=\"wp-block-column is-layout-flow wp-block-column-is-layout-flow\">\n<figure class=\"wp-block-image size-full\"><img loading=\"lazy\" decoding=\"async\" width=\"1023\" height=\"507\" src=\"https:\/\/www.rosarioduarte.pt\/files\/uploads\/2026\/03\/Captura-de-ecra-2026-03-24-184738-1.png\" alt=\"\" class=\"wp-image-2093\" srcset=\"https:\/\/www.rosarioduarte.pt\/files\/uploads\/2026\/03\/Captura-de-ecra-2026-03-24-184738-1.png 1023w, https:\/\/www.rosarioduarte.pt\/files\/uploads\/2026\/03\/Captura-de-ecra-2026-03-24-184738-1-300x149.png 300w, https:\/\/www.rosarioduarte.pt\/files\/uploads\/2026\/03\/Captura-de-ecra-2026-03-24-184738-1-768x381.png 768w\" sizes=\"auto, (max-width: 1023px) 100vw, 1023px\" \/><\/figure>\n\n\n\n<p><a href=\"https:\/\/www.dn.pt\/arquivo\/diario-de-noticias\/cp-condenada-a-pagar-16-milhoes-a-jovem-colhida-por-comboio-15134919.html\" target=\"_blank\" rel=\"noopener\">CP condenada a pagar 1,6 milh\u00f5es a jovem colhida por comboio<\/a><\/p>\n<\/div>\n\n\n\n<div class=\"wp-block-column is-layout-flow wp-block-column-is-layout-flow\">\n<figure class=\"wp-block-image size-full is-resized\"><img loading=\"lazy\" decoding=\"async\" width=\"1013\" height=\"524\" src=\"https:\/\/www.rosarioduarte.pt\/files\/uploads\/2026\/03\/Captura-de-ecra-2026-03-24-184022.png\" alt=\"\" class=\"wp-image-2091\" style=\"aspect-ratio:1.9332606324972736;width:398px;height:auto\" srcset=\"https:\/\/www.rosarioduarte.pt\/files\/uploads\/2026\/03\/Captura-de-ecra-2026-03-24-184022.png 1013w, https:\/\/www.rosarioduarte.pt\/files\/uploads\/2026\/03\/Captura-de-ecra-2026-03-24-184022-300x155.png 300w, https:\/\/www.rosarioduarte.pt\/files\/uploads\/2026\/03\/Captura-de-ecra-2026-03-24-184022-768x397.png 768w\" sizes=\"auto, (max-width: 1013px) 100vw, 1013px\" \/><\/figure>\n\n\n\n<p><a href=\"https:\/\/www.dn.pt\/arquivo\/diario-de-noticias\/-nao-apanhei-o-comboio-foi-o-comboio-que-me-apanhou-a-mim-14360446.html\" target=\"_blank\" rel=\"noopener\">N\u00e3o apanhei o comboio, foi o comboio que me apanhou a mim<\/a><\/p>\n<\/div>\n<\/div>\n\n\n\n<div style=\"height:100px\" aria-hidden=\"true\" class=\"wp-block-spacer\"><\/div>\n\n\n\n<h2 class=\"wp-block-heading\">Podcasts<\/h2>\n\n\n\n<p><\/p>\n\n\n\n<p><\/p>\n\n\n\n<ul class=\"wp-block-list\">\n<li><a href=\"https:\/\/omny.fm\/shows\/justica-sem-codigos\/pornografia-de-vingan-a-sabe-o-que-homem-condenado\" target=\"_blank\" rel=\"noopener\">Justi\u00e7a Sem C\u00f3digos &#8211; Pornografia de vingan\u00e7a. Sabe o que \u00e9?&nbsp;<\/a><\/li>\n<\/ul>\n\n\n\n<p><\/p>\n","protected":false},"excerpt":{"rendered":"<p>Imprensa Heran\u00e7a Indevisa &#8211; Partilhas sem Impasse Projeto familiar completo. E os embri\u00f5es excedent\u00e1rios? Sa\u00fade [&hellip;]<\/p>\n","protected":false},"author":6,"featured_media":0,"parent":0,"menu_order":0,"comment_status":"closed","ping_status":"closed","template":"","meta":{"_acf_changed":false,"footnotes":""},"class_list":["post-2233","page","type-page","status-publish","hentry","page-entry"],"acf":[],"_links":{"self":[{"href":"https:\/\/www.rosarioduarte.pt\/en\/wp-json\/wp\/v2\/pages\/2233","targetHints":{"allow":["GET"]}}],"collection":[{"href":"https:\/\/www.rosarioduarte.pt\/en\/wp-json\/wp\/v2\/pages"}],"about":[{"href":"https:\/\/www.rosarioduarte.pt\/en\/wp-json\/wp\/v2\/types\/page"}],"author":[{"embeddable":true,"href":"https:\/\/www.rosarioduarte.pt\/en\/wp-json\/wp\/v2\/users\/6"}],"replies":[{"embeddable":true,"href":"https:\/\/www.rosarioduarte.pt\/en\/wp-json\/wp\/v2\/comments?post=2233"}],"version-history":[{"count":4,"href":"https:\/\/www.rosarioduarte.pt\/en\/wp-json\/wp\/v2\/pages\/2233\/revisions"}],"predecessor-version":[{"id":2877,"href":"https:\/\/www.rosarioduarte.pt\/en\/wp-json\/wp\/v2\/pages\/2233\/revisions\/2877"}],"wp:attachment":[{"href":"https:\/\/www.rosarioduarte.pt\/en\/wp-json\/wp\/v2\/media?parent=2233"}],"curies":[{"name":"wp","href":"https:\/\/api.w.org\/{rel}","templated":true}]}}