{"id":2022,"date":"2026-03-22T11:27:46","date_gmt":"2026-03-22T11:27:46","guid":{"rendered":"https:\/\/www.rosarioduarte.pt\/rosario-duarte\/equipa\/"},"modified":"2026-03-22T12:53:15","modified_gmt":"2026-03-22T12:53:15","slug":"equipe","status":"publish","type":"page","link":"https:\/\/www.rosarioduarte.pt\/fr\/rosario-duarte\/equipe\/","title":{"rendered":"\u00c9quipe"},"content":{"rendered":"\n<p><strong>Rita Duarte<\/strong><br><em>Managing Lawyer<\/em><br><a title=\"\" href=\"mailto:rduarte@rosarioduarte.pt\" target=\"_blank\" rel=\"noopener\">rduarte@rosarioduarte.pt<\/a><\/p>\n\n\n\n<p id=\"block-cee7dc7e-53f4-43c2-8303-6c75d5341dae\"><strong>Regina Jota<\/strong><br><em>Bureau de l&rsquo;immobilier et du registre foncier<\/em><br><a href=\"mailto:rjota@rosarioduarte.pt\" target=\"_blank\" rel=\"noreferrer noopener\">rjota@rosarioduarte.pt<\/a><\/p>\n\n\n\n<p id=\"block-e8a1a0d9-f6d5-4b4b-a196-2ac2e37ecad0\"><strong>T\u00e2nia Franco<\/strong><br><em>Droit des soci\u00e9t\u00e9s, fiscalit\u00e9 et finance<\/em><br><a href=\"mailto:tfranco@rosarioduarte.pt\" target=\"_blank\" rel=\"noreferrer noopener\">tfranco@rosarioduarte.pt<\/a><\/p>\n\n\n\n<p id=\"block-eee799cd-a4d7-4aee-8edc-15972428d4ac\"><strong>Priscilla Frederighi<br><\/strong><em>Avocat titulaire des licences OAP et OAB<br><\/em><a href=\"mailto:pfrederighi@rosarioduarte.pt\">pfrederighi@rosarioduarte.pt<\/a><\/p>\n\n\n\n<p><strong>Francisco Chagas Vala<br><\/strong><em>Solliciteur<\/em><br><a href=\"mailto:fchagasvala@rosarioduarte.pt\">fchagasvala@rosarioduarte.pt<\/a><\/p>\n\n\n\n<p><strong>Miguel Santos Pereira<\/strong><br><em>Avocat stagiaire<br><\/em><a href=\"mailto:msantospereira@rosarioduarte.pt\">msantospereira@rosarioduarte.pt<\/a><\/p>\n\n\n\n<p><strong>Irina Munteanu<\/strong><br><em>Gestion Juridique et Administrative int\u00e9gr\u00e9e<\/em><br><a href=\"mailto:imunteanu@rosarioduarte.pt\">imunteanu@rosarioduarte.pt<\/a><\/p>\n","protected":false},"excerpt":{"rendered":"<p>Rita DuarteManaging Lawyerrduarte@rosarioduarte.pt Regina JotaBureau de l&rsquo;immobilier et du registre foncierrjota@rosarioduarte.pt T\u00e2nia FrancoDroit des soci\u00e9t\u00e9s, [&hellip;]<\/p>\n","protected":false},"author":1,"featured_media":0,"parent":358,"menu_order":0,"comment_status":"closed","ping_status":"closed","template":"","meta":{"_acf_changed":false,"footnotes":""},"class_list":["post-2022","page","type-page","status-publish","hentry","page-entry"],"acf":[],"_links":{"self":[{"href":"https:\/\/www.rosarioduarte.pt\/fr\/wp-json\/wp\/v2\/pages\/2022","targetHints":{"allow":["GET"]}}],"collection":[{"href":"https:\/\/www.rosarioduarte.pt\/fr\/wp-json\/wp\/v2\/pages"}],"about":[{"href":"https:\/\/www.rosarioduarte.pt\/fr\/wp-json\/wp\/v2\/types\/page"}],"author":[{"embeddable":true,"href":"https:\/\/www.rosarioduarte.pt\/fr\/wp-json\/wp\/v2\/users\/1"}],"replies":[{"embeddable":true,"href":"https:\/\/www.rosarioduarte.pt\/fr\/wp-json\/wp\/v2\/comments?post=2022"}],"version-history":[{"count":4,"href":"https:\/\/www.rosarioduarte.pt\/fr\/wp-json\/wp\/v2\/pages\/2022\/revisions"}],"predecessor-version":[{"id":2046,"href":"https:\/\/www.rosarioduarte.pt\/fr\/wp-json\/wp\/v2\/pages\/2022\/revisions\/2046"}],"up":[{"embeddable":true,"href":"https:\/\/www.rosarioduarte.pt\/fr\/wp-json\/wp\/v2\/pages\/358"}],"wp:attachment":[{"href":"https:\/\/www.rosarioduarte.pt\/fr\/wp-json\/wp\/v2\/media?parent=2022"}],"curies":[{"name":"wp","href":"https:\/\/api.w.org\/{rel}","templated":true}]}}