{"id":324,"date":"2016-05-04T10:06:57","date_gmt":"2016-05-04T10:06:57","guid":{"rendered":"https:\/\/www.rosarioduarte.pt\/fr\/?page_id=324"},"modified":"2026-03-25T09:44:16","modified_gmt":"2026-03-25T09:44:16","slug":"areas-de-pratica","status":"publish","type":"page","link":"https:\/\/www.rosarioduarte.pt\/fr\/areas-de-pratica\/","title":{"rendered":"Domaines d&rsquo;expertise"},"content":{"rendered":"\n<p>Chez <strong>Ros\u00e1rio Duarte Advogados<\/strong>, nous proposons un accompagnement juridique dans les domaines d&rsquo;expertise identifi\u00e9s ci-dessous.<\/p>\n\n\n\n<p>Ros\u00e1rio Duarte Advogados travaille en partenariat avec plusieurs entit\u00e9s nationales et internationales, offrant un r\u00e9seau solide de ressources et d&rsquo;opportunit\u00e9s \u00e0 ses clients. Pour mieux conna\u00eetre ce r\u00e9seau de travail en partenariat, visitez notre <a href=\"https:\/\/www.rosarioduarte.pt\/fr\/\">carte<\/a> sur la page d&rsquo;accueil.<\/p>\n\n\n\n<div style=\"height:50px\" aria-hidden=\"true\" class=\"wp-block-spacer\"><\/div>\n\n\n\n<p><\/p>\n","protected":false},"excerpt":{"rendered":"<p>Chez Ros\u00e1rio Duarte Advogados, nous proposons un accompagnement juridique dans les domaines d&rsquo;expertise identifi\u00e9s ci-dessous. [&hellip;]<\/p>\n","protected":false},"author":1,"featured_media":0,"parent":0,"menu_order":2,"comment_status":"closed","ping_status":"closed","template":"templates\/practice-areas.php","meta":{"_acf_changed":false,"footnotes":""},"class_list":["post-324","page","type-page","status-publish","hentry","page-entry"],"acf":[],"_links":{"self":[{"href":"https:\/\/www.rosarioduarte.pt\/fr\/wp-json\/wp\/v2\/pages\/324","targetHints":{"allow":["GET"]}}],"collection":[{"href":"https:\/\/www.rosarioduarte.pt\/fr\/wp-json\/wp\/v2\/pages"}],"about":[{"href":"https:\/\/www.rosarioduarte.pt\/fr\/wp-json\/wp\/v2\/types\/page"}],"author":[{"embeddable":true,"href":"https:\/\/www.rosarioduarte.pt\/fr\/wp-json\/wp\/v2\/users\/1"}],"replies":[{"embeddable":true,"href":"https:\/\/www.rosarioduarte.pt\/fr\/wp-json\/wp\/v2\/comments?post=324"}],"version-history":[{"count":9,"href":"https:\/\/www.rosarioduarte.pt\/fr\/wp-json\/wp\/v2\/pages\/324\/revisions"}],"predecessor-version":[{"id":2108,"href":"https:\/\/www.rosarioduarte.pt\/fr\/wp-json\/wp\/v2\/pages\/324\/revisions\/2108"}],"wp:attachment":[{"href":"https:\/\/www.rosarioduarte.pt\/fr\/wp-json\/wp\/v2\/media?parent=324"}],"curies":[{"name":"wp","href":"https:\/\/api.w.org\/{rel}","templated":true}]}}